{"id":1695,"date":"2017-04-16T18:33:03","date_gmt":"2017-04-16T18:33:03","guid":{"rendered":"http:\/\/roennpag.de\/?page_id=1695"},"modified":"2024-05-19T14:24:38","modified_gmt":"2024-05-19T14:24:38","slug":"vita","status":"publish","type":"page","link":"http:\/\/roennpag.de\/?page_id=1695","title":{"rendered":"Vita\/ projekte\/Ausstellungen"},"content":{"rendered":"<section class=\"wpb-content-wrapper\"><p>[vc_row][vc_column][vc_column_text]<\/p>\n<h4><span style=\"font-size: 28px;\"><strong>Ute R\u00f6nnpag-Lohmeyer<\/strong><\/span><\/h4>\n<hr \/>\n<h4>lebt und arbeitet in Hannover und Karpathos<\/h4>\n<h4><\/h4>\n<h4>Studium an der Fachhochschule Kiel<\/h4>\n<h4>bei<\/h4>\n<h4>Prof. Domke, Prof. Gottfried Brockmann, Winfried Zimmermann, Fritz Bauer<\/h4>\n<p>[\/vc_column_text][vc_row_inner][vc_column_inner][vc_column_text]<\/p>\n<h4><strong><span style=\"font-size: 21px;\">Preise f\u00fcr angewandte Kunst:<\/span><\/strong><\/h4>\n<hr \/>\n<h4>Kiel &#8211; Ansgarkirche,<\/h4>\n<h4>Rendsburg &#8211; Altarraum<\/h4>\n<h4>Hannover &#8211; Kommunikationszentrum <span style=\"font-size: 14px;\">Auftrag einer Wandgestaltung \u00d6ffentliches Geb\u00e4ude Staatshochbauamt (Kunst am Bau)<\/span><\/h4>\n<p>[\/vc_column_text][\/vc_column_inner][\/vc_row_inner][\/vc_column][\/vc_row][vc_row][vc_column][vc_column_text]<\/p>\n<h4><\/h4>\n<h4><strong><span style=\"font-size: 21px;\">Projekte:<\/span><\/strong><\/h4>\n<hr \/>\n<h4>2012 \u2013 366 K\u00f6pfe Dokument des Jahres 2012<\/h4>\n<h4>2013 \u2013\u00a0\u00a0 52 K\u00f6pfe\u00a0 Dokument des Jahres 2013<\/h4>\n<h4>2014 \u2013\u00a0\u00a0 12 K\u00f6pfe\u00a0 Dokument des Jahres 2014<\/h4>\n<p>[\/vc_column_text][\/vc_column][\/vc_row][vc_row][vc_column][vc_column_text]<\/p>\n<h4><span style=\"font-size: 21px;\"><strong>Ausstellungen<\/strong> <span style=\"font-size: 14px;\">(Auszug):<\/span><br \/>\n<\/span><\/h4>\n<hr \/>\n<p><strong>2024<\/strong> \u00a0 <strong>\u00a0 Vorschau:<\/strong><\/p>\n<p><strong>2024<\/strong> \u00a0<strong> \u00a0Kunst Mitte, Magdeburg<\/strong><\/p>\n<p><strong>2024 <\/strong>\u00a0<strong> \u00a0Zinnober; Hannover<\/strong><\/p>\n<p><strong>2024<\/strong> \u00a0 <strong>\u00a0Kunstpavillion, Travem\u00fcnde<\/strong><\/p>\n<p><strong>2023 \u00a0<\/strong> \u00a0K<strong>unstpavillion Travem\u00fcnde<\/strong><\/p>\n<p><strong>2023 \u00a0 Zinnober; Hannover<\/strong><\/p>\n<p><strong>2022 \u00a0 \u00a0Kunstraum Benther Berg, Benthe<\/strong><\/p>\n<p><strong><span class=\"Apple-converted-space\">2022 \u00a0 \u00a0<\/span>Museum Bellini, Florenz<\/strong><\/p>\n<p><strong>2021\u00a0 \u00a0Kunst Mitte; Magdeburg<\/strong><\/p>\n<p><strong><span class=\"Apple-converted-space\">2021 \u00a0 \u00a0<\/span>Zinnober; Hannover<\/strong><\/p>\n<p><strong>2021<\/strong> \u00a0 \u00a0<strong>Museum Bellini; Florenz <span class=\"Apple-converted-space\">\u00a0 \u00a0 \u00a0 \u00a0 \u00a0 \u00a0 \u00a0 \u00a0 \u00a0 \u00a0 \u00a0 \u00a0 \u00a0 \u00a0 \u00a0 \u00a0 \u00a0 \u00a0 \u00a0 \u00a0 \u00a0 \u00a0 \u00a0 \u00a0 \u00a0 \u00a0 \u00a0 \u00a0 \u00a0 \u00a0 \u00a0 \u00a0 \u00a0 \u00a0 \u00a0 \u00a0 \u00a0 \u00a0 \u00a0 \u00a0 \u00a0 \u00a0 \u00a0 \u00a0 \u00a0 \u00a0 \u00a0 \u00a0 \u00a0 \u00a0 \u00a0 \u00a0 \u00a0 \u00a0 \u00a0<\/span><\/strong><\/p>\n<p><strong>2021 \u00a0 \u00a0Galleria Medina Roma (Triennale di Roma); Rom<\/strong><\/p>\n<p><strong>2020\u00a0 \u00a0 Kunst Mitte; Magdeburg<\/strong><\/p>\n<p><strong>2020<\/strong> \u00a0<strong> \u00a0 Zinnober; Hannover<\/strong><\/p>\n<h4>2019 \u00a0 \u00a0 Marziart international Gallery\/Hamburg<\/h4>\n<h4>2019 \u00a0 \u00a0 Offenes Atelier, Hannover<\/h4>\n<h4>2019 \u00a0 \u00a0 KunstMitte, Magdeburg<\/h4>\n<h4>2019\u00a0\u00a0\u00a0\u00a0 Franco Costa Haus, Laboe\/Kiel<\/h4>\n<h4>2018\u00a0\u00a0\u00a0 Hal Art, Halle\/Saale<\/h4>\n<h4>2018\u00a0\u00a0\u00a0 Alster Art, Hamburg<\/h4>\n<h4>2018 \u00a0\u00a0 KunstMitte, Magdeburg<\/h4>\n<h4>2018\u00a0\u00a0\u00a0 Zinnober, Hannover<\/h4>\n<h4>2017\u00a0\u00a0\u00a0 Kunst vernetzt, Sofaloft Hannover<\/h4>\n<h4>2017\u00a0\u00a0\u00a0 Galerie an der Schule, Surendorf, Kiel<\/h4>\n<h4>2017\u00a0\u00a0\u00a0 Einzelausstellung Beans, Wedemark<\/h4>\n<h4>2017\u00a0\u00a0\u00a0 Kunst Mitte, Kunstmesse Magdeburg<\/h4>\n<h4>2017\u00a0\u00a0\u00a0 Zinnober, Atelierrundgang Hannover<\/h4>\n<h4>2017\u00a0\u00a0\u00a0 Kunstraum 200, Friedrichstr. Berlin<\/h4>\n<h4>2016\u00a0\u00a0 \u00a0Unternehmerinnen-Zentrum Hannover<\/h4>\n<h4>2016\u00a0\u00a0 \u00a0Kunst Mitte, Kunstmesse Magdeburg<\/h4>\n<h4>2016\u00a0\u00a0 \u00a0Galerie an der Schule, Surendorf, Kiel<\/h4>\n<h4>2015\u00a0\u00a0 \u00a0Kunst vernetzt, Galerie Carlsh\u00f6he, Eckernf\u00f6rde<\/h4>\n<h4>2015\u00a0\u00a0 \u00a0BBK Hannover bei ZINNOBER<\/h4>\n<h4>2015\u00a0\u00a0 \u00a0Kunst Mitte, Kunstmesse Magdeburg<\/h4>\n<h4>2014\u00a0\u00a0 \u00a0Art Peking, vertreten durch LDX Artodrome gallery, Berlin<\/h4>\n<h4>2014\u00a0\u00a0 \u00a0Artodrome gallery, Berlin<\/h4>\n<h4>2014\u00a0\u00a0 \u00a0Art Hampton, New York, vertreten durch LDX Artodrome gallery\u00a0 Berlin<\/h4>\n<h4>2014\u00a0\u00a0 \u00a0Artodrome gallery, Malta<\/h4>\n<h4>2014\u00a0\u00a0 \u00a0BBK Hannover bei ZINNOBER<\/h4>\n<h4>2013\u00a0\u00a0 \u00a0Art Taipei, vertreten durch LDX Artodrome gallery, Berlin<\/h4>\n<h4>2013\u00a0\u00a0 \u00a0Galerie an der Schule, Surendorf, Kiel<\/h4>\n<h4>2012\u00a0\u00a0 \u00a0Elbinselmuseum Hamburg, Wilhelmsburg<\/h4>\n<h4>2012\u00a0\u00a0 \u00a0Galerie an der Schule, Surendorf, Kiel<\/h4>\n<h4>2011\u00a0\u00a0 \u00a0Ausstellungsraum connexx, Ver.di, Hannover<\/h4>\n<h4>2011\u00a0\u00a0 \u00a0Kulturcafe Unterhammer, Trippstadt, Kaiserslautern<\/h4>\n<h4>2009\u00a0\u00a0 \u00a0Austellungsr\u00e4ume Kali Mera, Garbsen, Hannover<\/h4>\n<h4>2009\u00a0\u00a0 \u00a0Galerie an der Schule, Surendorf, Kiel<\/h4>\n<h4>2008\u00a0\u00a0 \u00a0Gast: Landesschau Schleswig &#8211; Holstein, Kiel<\/h4>\n<h4>2007\u00a0\u00a0 \u00a0Ausstellungsraum IG BCE-Foyer, Hannover<\/h4>\n<h4>2007\u00a0\u00a0 \u00a0Ausstellungsraum Boesner, Hannover<\/h4>\n<h4>2005\u00a0\u00a0 \u00a0Galerie an der Schule, Surendorf, Kiel<\/h4>\n<h4>2005\u00a0\u00a0 \u00a0Kunst- und Kultur Museum, Eckernf\u00f6rde<\/h4>\n<h4>2005\u00a0\u00a0 \u00a0Ausstellungsraum Bistro Rossini, Hannover<\/h4>\n<h4>2002\u00a0\u00a0 \u00a0Esplanade Calenberger, Hannover<\/h4>\n<h4>1997\u00a0\u00a0 \u00a0Landeskulturzentrum Linz, \u00d6sterreich<\/h4>\n<h4>1995\u00a0\u00a0 \u00a0Herrenh\u00e4user Turm, Hannover<\/h4>\n<h4>1994\u00a0\u00a0 \u00a0Galerie Velke, Kassel<\/h4>\n<h4>1993\u00a0\u00a0 \u00a0Galerie JUNGE KUNST, Trier<\/h4>\n<h4>1993\u00a0\u00a0 \u00a0Galerie Artiforum, Schlo\u00df L\u00f6seck, G\u00f6ttingen<\/h4>\n<h4>1992\u00a0\u00a0 \u00a0Werkstattgalerie Boysen, Sprenge, Kiel<\/h4>\n<h4>1992\u00a0\u00a0 \u00a0Galerie im vbb Hannover<\/h4>\n<h4>1991\u00a0\u00a0 \u00a0Galerie im Pavillon, Hannover<\/h4>\n<h4>1991\u00a0\u00a0 \u00a0Ausstellungsraum art et vie au camembert, Hannover<\/h4>\n<h4>1989\u00a0\u00a0 \u00a0Galerie Artiforum, Schlo\u00df L\u00f6seck, G\u00f6ttingen<\/h4>\n<h4>1985\u00a0\u00a0 \u00a0Galerie Artiforum, Schlo\u00df L\u00f6seck, G\u00f6ttingen<\/h4>\n<h4>1983\u00a0\u00a0 \u00a0Galerie Arcanthus, Utrecht, Niederlande<\/h4>\n<h4>1982\u00a0\u00a0 \u00a0Galerie Silvia Behrend, Burgdorf, Hannover<\/h4>\n<h4>1980\u00a0\u00a0 \u00a0Galerie Im Alten Gericht, Burg Adelebsen, G\u00f6ttingen<\/h4>\n<h4>1980\u00a0\u00a0 \u00a0Galerie List, Hannover<\/h4>\n<h4>1979\u00a0\u00a0 \u00a0Gedok Galerie, Hannover<\/h4>\n<h4>1976\u00a0\u00a0 \u00a0Galerie Mauritz, Selent<\/h4>\n<h4>1974\u00a0\u00a0 \u00a0t- Galerie, Hannover<\/h4>\n<h4>1972\u00a0\u00a0 \u00a0Galerie Hof Dodau, Pl\u00f6n<\/h4>\n<p>[\/vc_column_text][\/vc_column][\/vc_row]<\/p>\n<\/section>","protected":false},"excerpt":{"rendered":"<p>[vc_row][vc_column][vc_column_text] Ute R\u00f6nnpag-Lohmeyer lebt und arbeitet in Hannover und Karpathos Studium an der Fachhochschule Kiel bei Prof. Domke, Prof. Gottfried Brockmann, Winfried Zimmermann, Fritz Bauer [\/vc_column_text][vc_row_inner][vc_column_inner][vc_column_text] Preise f\u00fcr angewandte Kunst: Kiel &#8211; Ansgarkirche, Rendsburg &#8211; Altarraum Hannover &#8211; Kommunikationszentrum Auftrag einer Wandgestaltung \u00d6ffentliches Geb\u00e4ude Staatshochbauamt (Kunst am Bau) [\/vc_column_text][\/vc_column_inner][\/vc_row_inner][\/vc_column][\/vc_row][vc_row][vc_column][vc_column_text] Projekte: 2012 \u2013 366 K\u00f6pfe Dokument &hellip; <a href=\"http:\/\/roennpag.de\/?page_id=1695\" title=\"Vita\/ projekte\/Ausstellungen\" class=\"read-more\">Read More<\/a><\/p>\n","protected":false},"author":1,"featured_media":0,"parent":0,"menu_order":0,"comment_status":"closed","ping_status":"closed","template":"","meta":{"footnotes":""},"_links":{"self":[{"href":"http:\/\/roennpag.de\/index.php?rest_route=\/wp\/v2\/pages\/1695"}],"collection":[{"href":"http:\/\/roennpag.de\/index.php?rest_route=\/wp\/v2\/pages"}],"about":[{"href":"http:\/\/roennpag.de\/index.php?rest_route=\/wp\/v2\/types\/page"}],"author":[{"embeddable":true,"href":"http:\/\/roennpag.de\/index.php?rest_route=\/wp\/v2\/users\/1"}],"replies":[{"embeddable":true,"href":"http:\/\/roennpag.de\/index.php?rest_route=%2Fwp%2Fv2%2Fcomments&post=1695"}],"version-history":[{"count":25,"href":"http:\/\/roennpag.de\/index.php?rest_route=\/wp\/v2\/pages\/1695\/revisions"}],"predecessor-version":[{"id":2343,"href":"http:\/\/roennpag.de\/index.php?rest_route=\/wp\/v2\/pages\/1695\/revisions\/2343"}],"wp:attachment":[{"href":"http:\/\/roennpag.de\/index.php?rest_route=%2Fwp%2Fv2%2Fmedia&parent=1695"}],"curies":[{"name":"wp","href":"https:\/\/api.w.org\/{rel}","templated":true}]}}